{"id":45380,"date":"2019-08-28T18:19:24","date_gmt":"2019-08-28T16:19:24","guid":{"rendered":"https:\/\/aleshorrorstory.com\/?page_id=45380"},"modified":"2021-04-03T17:01:34","modified_gmt":"2021-04-03T15:01:34","slug":"resa-asylum","status":"publish","type":"page","link":"https:\/\/aleshorrorstory.com\/?page_id=45380","title":{"rendered":"RESA ASYLUM"},"content":{"rendered":"\t\t<div data-elementor-type=\"wp-post\" data-elementor-id=\"45380\" class=\"elementor elementor-45380\">\n\t\t\t\t\t\t<div class=\"elementor-inner\">\n\t\t\t\t<div class=\"elementor-section-wrap\">\n\t\t\t\t\t\t\t\t\t<section class=\"elementor-section elementor-top-section elementor-element elementor-element-b2e4a31 elementor-section-boxed elementor-section-height-default elementor-section-height-default\" data-id=\"b2e4a31\" data-element_type=\"section\">\n\t\t\t\t\t\t<div class=\"elementor-container elementor-column-gap-default\">\n\t\t\t\t\t\t\t<div class=\"elementor-row\">\n\t\t\t\t\t<div class=\"elementor-column elementor-col-100 elementor-top-column elementor-element elementor-element-3af0ad0\" data-id=\"3af0ad0\" data-element_type=\"column\">\n\t\t\t<div class=\"elementor-column-wrap\">\n\t\t\t\t\t\t\t<div class=\"elementor-widget-wrap\">\n\t\t\t\t\t\t\t\t<\/div>\n\t\t\t\t\t<\/div>\n\t\t<\/div>\n\t\t\t\t\t\t\t\t<\/div>\n\t\t\t\t\t<\/div>\n\t\t<\/section>\n\t\t\t\t<section class=\"elementor-section elementor-top-section elementor-element elementor-element-e671ee1 elementor-section-boxed elementor-section-height-default elementor-section-height-default\" data-id=\"e671ee1\" data-element_type=\"section\">\n\t\t\t\t\t\t<div class=\"elementor-container elementor-column-gap-default\">\n\t\t\t\t\t\t\t<div class=\"elementor-row\">\n\t\t\t\t\t<div class=\"elementor-column elementor-col-100 elementor-top-column elementor-element elementor-element-6238c77\" data-id=\"6238c77\" data-element_type=\"column\">\n\t\t\t<div class=\"elementor-column-wrap elementor-element-populated\">\n\t\t\t\t\t\t\t<div class=\"elementor-widget-wrap\">\n\t\t\t\t\t\t<div class=\"elementor-element elementor-element-a160d1e elementor-widget elementor-widget-image\" data-id=\"a160d1e\" data-element_type=\"widget\" data-widget_type=\"image.default\">\n\t\t\t\t<div class=\"elementor-widget-container\">\n\t\t\t\t\t\t\t\t<div class=\"elementor-image\">\n\t\t\t\t\t\t\t\t\t\t\t\t<img decoding=\"async\" width=\"1024\" height=\"171\" src=\"https:\/\/aleshorrorstory.com\/wp-content\/uploads\/2019\/08\/RESA-ASYLUM-1024x171.png\" class=\"attachment-large size-large wp-image-45387\" alt=\"\" loading=\"lazy\" srcset=\"https:\/\/aleshorrorstory.com\/wp-content\/uploads\/2019\/08\/RESA-ASYLUM-1024x171.png 1024w, https:\/\/aleshorrorstory.com\/wp-content\/uploads\/2019\/08\/RESA-ASYLUM-300x50.png 300w, https:\/\/aleshorrorstory.com\/wp-content\/uploads\/2019\/08\/RESA-ASYLUM-768x128.png 768w, https:\/\/aleshorrorstory.com\/wp-content\/uploads\/2019\/08\/RESA-ASYLUM-900x150.png 900w, https:\/\/aleshorrorstory.com\/wp-content\/uploads\/2019\/08\/RESA-ASYLUM-680x114.png 680w, https:\/\/aleshorrorstory.com\/wp-content\/uploads\/2019\/08\/RESA-ASYLUM.png 1920w\" sizes=\"(max-width: 1024px) 100vw, 1024px\" \/>\t\t\t\t\t\t\t\t\t\t\t\t\t\t<\/div>\n\t\t\t\t\t\t<\/div>\n\t\t\t\t<\/div>\n\t\t\t\t\t\t<\/div>\n\t\t\t\t\t<\/div>\n\t\t<\/div>\n\t\t\t\t\t\t\t\t<\/div>\n\t\t\t\t\t<\/div>\n\t\t<\/section>\n\t\t\t\t<section class=\"elementor-section elementor-top-section elementor-element elementor-element-f6bcf19 elementor-section-boxed elementor-section-height-default elementor-section-height-default\" data-id=\"f6bcf19\" data-element_type=\"section\">\n\t\t\t\t\t\t<div class=\"elementor-container elementor-column-gap-default\">\n\t\t\t\t\t\t\t<div class=\"elementor-row\">\n\t\t\t\t\t<div class=\"elementor-column elementor-col-100 elementor-top-column elementor-element elementor-element-a02031d\" data-id=\"a02031d\" data-element_type=\"column\">\n\t\t\t<div class=\"elementor-column-wrap elementor-element-populated\">\n\t\t\t\t\t\t\t<div class=\"elementor-widget-wrap\">\n\t\t\t\t\t\t<div class=\"elementor-element elementor-element-66b64e6 elementor-widget elementor-widget-html\" data-id=\"66b64e6\" data-element_type=\"widget\" data-widget_type=\"html.default\">\n\t\t\t\t<div class=\"elementor-widget-container\">\n\t\t\t\t<script type=\"text\/javascript\" src=\"https:\/\/bookeo.com\/widget.js?a=42554MWFRRC1674EF9DFC5&type=42554FNFRLE16D00E24CD4\"><\/script>\t\t<\/div>\n\t\t\t\t<\/div>\n\t\t\t\t\t\t<\/div>\n\t\t\t\t\t<\/div>\n\t\t<\/div>\n\t\t\t\t\t\t\t\t<\/div>\n\t\t\t\t\t<\/div>\n\t\t<\/section>\n\t\t\t\t<section class=\"elementor-section elementor-top-section elementor-element elementor-element-703963d elementor-section-stretched elementor-section-content-top elementor-section-boxed elementor-section-height-default elementor-section-height-default\" data-id=\"703963d\" data-element_type=\"section\" data-settings=\"\">\n\t\t\t\t\t\t<div class=\"elementor-container elementor-column-gap-default\">\n\t\t\t\t\t\t\t<div class=\"elementor-row\">\n\t\t\t\t\t<div class=\"elementor-column elementor-col-33 elementor-top-column elementor-element elementor-element-b2d5b44\" data-id=\"b2d5b44\" data-element_type=\"column\">\n\t\t\t<div class=\"elementor-column-wrap elementor-element-populated\">\n\t\t\t\t\t\t\t<div class=\"elementor-widget-wrap\">\n\t\t\t\t\t\t<div class=\"elementor-element elementor-element-08d40d9 elementor-widget elementor-widget-text-editor\" data-id=\"08d40d9\" data-element_type=\"widget\" data-widget_type=\"text-editor.default\">\n\t\t\t\t<div class=\"elementor-widget-container\">\n\t\t\t\t\t\t\t\t<div class=\"elementor-text-editor elementor-clearfix\">\n\t\t\t\t<h6>Ouvert 7\/7<\/h6>\t\t\t\t\t<\/div>\n\t\t\t\t\t\t<\/div>\n\t\t\t\t<\/div>\n\t\t\t\t<div class=\"elementor-element elementor-element-9f045e4 elementor-widget elementor-widget-text-editor\" data-id=\"9f045e4\" data-element_type=\"widget\" data-widget_type=\"text-editor.default\">\n\t\t\t\t<div class=\"elementor-widget-container\">\n\t\t\t\t\t\t\t\t<div class=\"elementor-text-editor elementor-clearfix\">\n\t\t\t\t<h6>de 9h30 \u00e0 21h en semaine<\/h6><h6>et 22h30 les week end,<\/h6><h6>jours feri\u00e9s<\/h6><h6>et vacances scolaires<\/h6>\t\t\t\t\t<\/div>\n\t\t\t\t\t\t<\/div>\n\t\t\t\t<\/div>\n\t\t\t\t\t\t<\/div>\n\t\t\t\t\t<\/div>\n\t\t<\/div>\n\t\t\t\t<div class=\"elementor-column elementor-col-33 elementor-top-column elementor-element elementor-element-af31567\" data-id=\"af31567\" data-element_type=\"column\">\n\t\t\t<div class=\"elementor-column-wrap elementor-element-populated\">\n\t\t\t\t\t\t\t<div class=\"elementor-widget-wrap\">\n\t\t\t\t\t\t<div class=\"elementor-element elementor-element-7f65cc9 elementor-widget elementor-widget-text-editor\" data-id=\"7f65cc9\" data-element_type=\"widget\" data-widget_type=\"text-editor.default\">\n\t\t\t\t<div class=\"elementor-widget-container\">\n\t\t\t\t\t\t\t\t<div class=\"elementor-text-editor elementor-clearfix\">\n\t\t\t\t<h6>Renseignements et r\u00e9servations<\/h6>\t\t\t\t\t<\/div>\n\t\t\t\t\t\t<\/div>\n\t\t\t\t<\/div>\n\t\t\t\t<div class=\"elementor-element elementor-element-5694ef0 elementor-widget elementor-widget-image\" data-id=\"5694ef0\" data-element_type=\"widget\" data-widget_type=\"image.default\">\n\t\t\t\t<div class=\"elementor-widget-container\">\n\t\t\t\t\t\t\t\t<div class=\"elementor-image\">\n\t\t\t\t\t\t\t\t\t\t\t\t<img decoding=\"async\" src=\"https:\/\/aleshorrorstory.com\/wp-content\/uploads\/elementor\/thumbs\/Picto-tel-OK-r1z7a98tuhk7g4pym5qd7964t2hvj4yvyuu48cemvw.png\" title=\"Picto-tel-OK\" alt=\"Picto-tel-OK\" loading=\"lazy\" \/>\t\t\t\t\t\t\t\t\t\t\t\t\t\t<\/div>\n\t\t\t\t\t\t<\/div>\n\t\t\t\t<\/div>\n\t\t\t\t<div class=\"elementor-element elementor-element-0471f45 elementor-widget elementor-widget-text-editor\" data-id=\"0471f45\" data-element_type=\"widget\" data-widget_type=\"text-editor.default\">\n\t\t\t\t<div class=\"elementor-widget-container\">\n\t\t\t\t\t\t\t\t<div class=\"elementor-text-editor elementor-clearfix\">\n\t\t\t\t<h6>(+33) 6 20 79 00 47<\/h6>\t\t\t\t\t<\/div>\n\t\t\t\t\t\t<\/div>\n\t\t\t\t<\/div>\n\t\t\t\t<div class=\"elementor-element elementor-element-dc63db1 elementor-widget elementor-widget-text-editor\" data-id=\"dc63db1\" data-element_type=\"widget\" data-widget_type=\"text-editor.default\">\n\t\t\t\t<div class=\"elementor-widget-container\">\n\t\t\t\t\t\t\t\t<div class=\"elementor-text-editor elementor-clearfix\">\n\t\t\t\t\t\t\t\t\t<\/div>\n\t\t\t\t\t\t<\/div>\n\t\t\t\t<\/div>\n\t\t\t\t\t\t<\/div>\n\t\t\t\t\t<\/div>\n\t\t<\/div>\n\t\t\t\t<div class=\"elementor-column elementor-col-33 elementor-top-column elementor-element elementor-element-ddf00c0\" data-id=\"ddf00c0\" data-element_type=\"column\">\n\t\t\t<div class=\"elementor-column-wrap elementor-element-populated\">\n\t\t\t\t\t\t\t<div class=\"elementor-widget-wrap\">\n\t\t\t\t\t\t<div class=\"elementor-element elementor-element-1b2bca3 elementor-widget elementor-widget-image\" data-id=\"1b2bca3\" data-element_type=\"widget\" data-widget_type=\"image.default\">\n\t\t\t\t<div class=\"elementor-widget-container\">\n\t\t\t\t\t\t\t\t<div class=\"elementor-image\">\n\t\t\t\t\t\t\t\t\t\t\t\t\t<a href=\"https:\/\/www.facebook.com\/escapegamealeshorrorstory\">\n\t\t\t\t\t\t\t<img decoding=\"async\" src=\"https:\/\/aleshorrorstory.com\/wp-content\/uploads\/elementor\/thumbs\/picto-FB-r1z7a98sxlgvqmlnsz2zm71d12c5jbk3k0e8majpv2.png\" title=\"picto-FB\" alt=\"picto-FB\" loading=\"lazy\" \/>\t\t\t\t\t\t\t\t<\/a>\n\t\t\t\t\t\t\t\t\t\t\t\t\t\t<\/div>\n\t\t\t\t\t\t<\/div>\n\t\t\t\t<\/div>\n\t\t\t\t<div class=\"elementor-element elementor-element-2daadbd elementor-widget elementor-widget-text-editor\" data-id=\"2daadbd\" data-element_type=\"widget\" data-widget_type=\"text-editor.default\">\n\t\t\t\t<div class=\"elementor-widget-container\">\n\t\t\t\t\t\t\t\t<div class=\"elementor-text-editor elementor-clearfix\">\n\t\t\t\t<h6>Restons en contact<\/h6><h6>sur facebook<\/h6>\t\t\t\t\t<\/div>\n\t\t\t\t\t\t<\/div>\n\t\t\t\t<\/div>\n\t\t\t\t\t\t<\/div>\n\t\t\t\t\t<\/div>\n\t\t<\/div>\n\t\t\t\t\t\t\t\t<\/div>\n\t\t\t\t\t<\/div>\n\t\t<\/section>\n\t\t\t\t<section class=\"elementor-section elementor-top-section elementor-element elementor-element-3cfee6d elementor-section-stretched elementor-section-boxed elementor-section-height-default elementor-section-height-default\" data-id=\"3cfee6d\" data-element_type=\"section\" data-settings=\"\">\n\t\t\t\t\t\t<div class=\"elementor-container elementor-column-gap-default\">\n\t\t\t\t\t\t\t<div class=\"elementor-row\">\n\t\t\t\t\t<div class=\"elementor-column elementor-col-100 elementor-top-column elementor-element elementor-element-2ec17ad\" data-id=\"2ec17ad\" data-element_type=\"column\">\n\t\t\t<div class=\"elementor-column-wrap elementor-element-populated\">\n\t\t\t\t\t\t\t<div class=\"elementor-widget-wrap\">\n\t\t\t\t\t\t<div class=\"elementor-element elementor-element-b807175 elementor-widget-divider--view-line elementor-widget elementor-widget-divider\" data-id=\"b807175\" data-element_type=\"widget\" data-widget_type=\"divider.default\">\n\t\t\t\t<div class=\"elementor-widget-container\">\n\t\t\t\t\t<div class=\"elementor-divider\">\n\t\t\t<span class=\"elementor-divider-separator\">\n\t\t\t\t\t\t<\/span>\n\t\t<\/div>\n\t\t\t\t<\/div>\n\t\t\t\t<\/div>\n\t\t\t\t<div class=\"elementor-element elementor-element-703ed3c elementor-widget elementor-widget-text-editor\" data-id=\"703ed3c\" data-element_type=\"widget\" data-widget_type=\"text-editor.default\">\n\t\t\t\t<div class=\"elementor-widget-container\">\n\t\t\t\t\t\t\t\t<div class=\"elementor-text-editor elementor-clearfix\">\n\t\t\t\t<div class=\"wpb_text_column wpb_content_element \"><div class=\"wpb_wrapper\"><h6>RESERVATIONS EN LIGNE ET PAR TELEPHONE<\/h6><\/div><\/div>\t\t\t\t\t<\/div>\n\t\t\t\t\t\t<\/div>\n\t\t\t\t<\/div>\n\t\t\t\t<div class=\"elementor-element elementor-element-37f66bf elementor-widget-divider--view-line elementor-widget elementor-widget-divider\" data-id=\"37f66bf\" data-element_type=\"widget\" data-widget_type=\"divider.default\">\n\t\t\t\t<div class=\"elementor-widget-container\">\n\t\t\t\t\t<div class=\"elementor-divider\">\n\t\t\t<span class=\"elementor-divider-separator\">\n\t\t\t\t\t\t<\/span>\n\t\t<\/div>\n\t\t\t\t<\/div>\n\t\t\t\t<\/div>\n\t\t\t\t<div class=\"elementor-element elementor-element-5a4c9e3 elementor-widget elementor-widget-heading\" data-id=\"5a4c9e3\" data-element_type=\"widget\" data-widget_type=\"heading.default\">\n\t\t\t\t<div class=\"elementor-widget-container\">\n\t\t\t<h2 class=\"elementor-heading-title elementor-size-default\">ALES HORROR STORY \u2022 17, avenue d'Alsace \u2022 30100 Al\u00e8s<\/h2>\t\t<\/div>\n\t\t\t\t<\/div>\n\t\t\t\t\t\t<\/div>\n\t\t\t\t\t<\/div>\n\t\t<\/div>\n\t\t\t\t\t\t\t\t<\/div>\n\t\t\t\t\t<\/div>\n\t\t<\/section>\n\t\t\t\t\t\t\t\t\t<\/div>\n\t\t\t<\/div>\n\t\t\t\t\t<\/div>\n\t\t","protected":false},"excerpt":{"rendered":"<p>Ouvert 7\/7 de 9h30 \u00e0 21h en semaine et 22h30 les week end, jours feri\u00e9s et vacances scolaires Renseignements et r\u00e9servations (+33) 6 20 79 00 47 Restons en contact sur facebook RESERVATIONS EN LIGNE ET PAR TELEPHONE ALES HORROR STORY \u2022 17, avenue d&rsquo;Alsace \u2022 30100 Al\u00e8s<\/p>\n","protected":false},"author":1,"featured_media":0,"parent":0,"menu_order":0,"comment_status":"closed","ping_status":"closed","template":"elementor_header_footer","meta":[],"yoast_head":"<!-- This site is optimized with the Yoast SEO plugin v16.0.2 - https:\/\/yoast.com\/wordpress\/plugins\/seo\/ -->\n<title>RESA ASYLUM - escape game ales horror story<\/title>\n<link rel=\"canonical\" href=\"https:\/\/aleshorrorstory.com\/?page_id=45380\" \/>\n<meta property=\"og:locale\" content=\"fr_FR\" \/>\n<meta property=\"og:type\" content=\"article\" \/>\n<meta property=\"og:title\" content=\"RESA ASYLUM - escape game ales horror story\" \/>\n<meta property=\"og:description\" content=\"Ouvert 7\/7 de 9h30 \u00e0 21h en semaine et 22h30 les week end, jours feri\u00e9s et vacances scolaires Renseignements et r\u00e9servations (+33) 6 20 79 00 47 Restons en contact sur facebook RESERVATIONS EN LIGNE ET PAR TELEPHONE ALES HORROR STORY \u2022 17, avenue d&rsquo;Alsace \u2022 30100 Al\u00e8s\" \/>\n<meta property=\"og:url\" content=\"https:\/\/aleshorrorstory.com\/?page_id=45380\" \/>\n<meta property=\"og:site_name\" content=\"escape game ales horror story\" \/>\n<meta property=\"article:modified_time\" content=\"2021-04-03T15:01:34+00:00\" \/>\n<meta property=\"og:image\" content=\"https:\/\/aleshorrorstory.com\/wp-content\/uploads\/2019\/08\/RESA-ASYLUM-1024x171.png\" \/>\n<meta name=\"twitter:card\" content=\"summary_large_image\" \/>\n<script type=\"application\/ld+json\" class=\"yoast-schema-graph\">{\"@context\":\"https:\/\/schema.org\",\"@graph\":[{\"@type\":\"Organization\",\"@id\":\"https:\/\/aleshorrorstory.com\/#organization\",\"name\":\"escape game ales horror story\",\"url\":\"https:\/\/aleshorrorstory.com\/\",\"sameAs\":[\"https:\/\/www.youtube.com\/channel\/UCprA6haBT-OtM2fvHOfTd1w\"],\"logo\":{\"@type\":\"ImageObject\",\"@id\":\"https:\/\/aleshorrorstory.com\/#logo\",\"inLanguage\":\"fr-FR\",\"url\":\"https:\/\/aleshorrorstory.com\/wp-content\/uploads\/2018\/10\/AHS2.png\",\"width\":132,\"height\":35,\"caption\":\"escape game ales horror story\"},\"image\":{\"@id\":\"https:\/\/aleshorrorstory.com\/#logo\"}},{\"@type\":\"WebSite\",\"@id\":\"https:\/\/aleshorrorstory.com\/#website\",\"url\":\"https:\/\/aleshorrorstory.com\/\",\"name\":\"escape game ales horror story\",\"description\":\"escape game ales horror story - la bouchere\",\"publisher\":{\"@id\":\"https:\/\/aleshorrorstory.com\/#organization\"},\"potentialAction\":[{\"@type\":\"SearchAction\",\"target\":\"https:\/\/aleshorrorstory.com\/?s={search_term_string}\",\"query-input\":\"required name=search_term_string\"}],\"inLanguage\":\"fr-FR\"},{\"@type\":\"ImageObject\",\"@id\":\"https:\/\/aleshorrorstory.com\/?page_id=45380#primaryimage\",\"inLanguage\":\"fr-FR\",\"url\":\"https:\/\/aleshorrorstory.com\/wp-content\/uploads\/2019\/08\/RESA-ASYLUM.png\",\"width\":1920,\"height\":321},{\"@type\":\"WebPage\",\"@id\":\"https:\/\/aleshorrorstory.com\/?page_id=45380#webpage\",\"url\":\"https:\/\/aleshorrorstory.com\/?page_id=45380\",\"name\":\"RESA ASYLUM - escape game ales horror story\",\"isPartOf\":{\"@id\":\"https:\/\/aleshorrorstory.com\/#website\"},\"primaryImageOfPage\":{\"@id\":\"https:\/\/aleshorrorstory.com\/?page_id=45380#primaryimage\"},\"datePublished\":\"2019-08-28T16:19:24+00:00\",\"dateModified\":\"2021-04-03T15:01:34+00:00\",\"breadcrumb\":{\"@id\":\"https:\/\/aleshorrorstory.com\/?page_id=45380#breadcrumb\"},\"inLanguage\":\"fr-FR\",\"potentialAction\":[{\"@type\":\"ReadAction\",\"target\":[\"https:\/\/aleshorrorstory.com\/?page_id=45380\"]}]},{\"@type\":\"BreadcrumbList\",\"@id\":\"https:\/\/aleshorrorstory.com\/?page_id=45380#breadcrumb\",\"itemListElement\":[{\"@type\":\"ListItem\",\"position\":1,\"item\":{\"@type\":\"WebPage\",\"@id\":\"https:\/\/aleshorrorstory.com\/\",\"url\":\"https:\/\/aleshorrorstory.com\/\",\"name\":\"Accueil\"}},{\"@type\":\"ListItem\",\"position\":2,\"item\":{\"@type\":\"WebPage\",\"@id\":\"https:\/\/aleshorrorstory.com\/?page_id=45380\",\"url\":\"https:\/\/aleshorrorstory.com\/?page_id=45380\",\"name\":\"RESA ASYLUM\"}}]}]}<\/script>\n<!-- \/ Yoast SEO plugin. -->","_links":{"self":[{"href":"https:\/\/aleshorrorstory.com\/index.php?rest_route=\/wp\/v2\/pages\/45380"}],"collection":[{"href":"https:\/\/aleshorrorstory.com\/index.php?rest_route=\/wp\/v2\/pages"}],"about":[{"href":"https:\/\/aleshorrorstory.com\/index.php?rest_route=\/wp\/v2\/types\/page"}],"author":[{"embeddable":true,"href":"https:\/\/aleshorrorstory.com\/index.php?rest_route=\/wp\/v2\/users\/1"}],"replies":[{"embeddable":true,"href":"https:\/\/aleshorrorstory.com\/index.php?rest_route=%2Fwp%2Fv2%2Fcomments&post=45380"}],"version-history":[{"count":7,"href":"https:\/\/aleshorrorstory.com\/index.php?rest_route=\/wp\/v2\/pages\/45380\/revisions"}],"predecessor-version":[{"id":161169,"href":"https:\/\/aleshorrorstory.com\/index.php?rest_route=\/wp\/v2\/pages\/45380\/revisions\/161169"}],"wp:attachment":[{"href":"https:\/\/aleshorrorstory.com\/index.php?rest_route=%2Fwp%2Fv2%2Fmedia&parent=45380"}],"curies":[{"name":"wp","href":"https:\/\/api.w.org\/{rel}","templated":true}]}}